{"id":458,"date":"2024-06-04T22:49:38","date_gmt":"2024-06-04T22:49:38","guid":{"rendered":"https:\/\/gyermekbabavilag.hu\/?page_id=458"},"modified":"2024-08-28T11:51:00","modified_gmt":"2024-08-28T11:51:00","slug":"gyik","status":"publish","type":"page","link":"https:\/\/gyermekbabavilag.hu\/index.php\/gyik\/","title":{"rendered":""},"content":{"rendered":"\t\t<div data-elementor-type=\"wp-page\" data-elementor-id=\"458\" class=\"elementor elementor-458\" data-elementor-post-type=\"page\">\n\t\t\t\t<div class=\"elementor-element elementor-element-6afe84e e-flex e-con-boxed e-con e-parent\" data-id=\"6afe84e\" data-element_type=\"container\">\n\t\t\t\t\t<div class=\"e-con-inner\">\n\t\t<div class=\"elementor-element elementor-element-e10c4ee e-flex e-con-boxed elementor-invisible e-con e-child\" data-id=\"e10c4ee\" data-element_type=\"container\" data-settings=\"{&quot;animation&quot;:&quot;fadeInUp&quot;}\">\n\t\t\t\t\t<div class=\"e-con-inner\">\n\t\t\t\t<div class=\"elementor-element elementor-element-42b9cc4 elementor-widget elementor-widget-heading\" data-id=\"42b9cc4\" data-element_type=\"widget\" data-widget_type=\"heading.default\">\n\t\t\t\t<div class=\"elementor-widget-container\">\n\t\t\t<style>\/*! elementor - v3.21.0 - 30-04-2024 *\/\n.elementor-heading-title{padding:0;margin:0;line-height:1}.elementor-widget-heading .elementor-heading-title[class*=elementor-size-]>a{color:inherit;font-size:inherit;line-height:inherit}.elementor-widget-heading .elementor-heading-title.elementor-size-small{font-size:15px}.elementor-widget-heading .elementor-heading-title.elementor-size-medium{font-size:19px}.elementor-widget-heading .elementor-heading-title.elementor-size-large{font-size:29px}.elementor-widget-heading .elementor-heading-title.elementor-size-xl{font-size:39px}.elementor-widget-heading .elementor-heading-title.elementor-size-xxl{font-size:59px}<\/style><h6 class=\"elementor-heading-title elementor-size-default\">GYIK<\/h6>\t\t<\/div>\n\t\t\t\t<\/div>\n\t\t\t\t<div class=\"elementor-element elementor-element-74cfe78 elementor-widget elementor-widget-heading\" data-id=\"74cfe78\" data-element_type=\"widget\" data-widget_type=\"heading.default\">\n\t\t\t\t<div class=\"elementor-widget-container\">\n\t\t\t<h2 class=\"elementor-heading-title elementor-size-default\">Gyakran Ism\u00e9telt K\u00e9rd\u00e9sek<\/h2>\t\t<\/div>\n\t\t\t\t<\/div>\n\t\t\t\t\t<\/div>\n\t\t\t\t<\/div>\n\t\t<div class=\"elementor-element elementor-element-1265a8b e-flex e-con-boxed e-con e-child\" data-id=\"1265a8b\" data-element_type=\"container\">\n\t\t\t\t\t<div class=\"e-con-inner\">\n\t\t\t\t<div class=\"elementor-element elementor-element-5d9c1c1 elementor-widget__width-initial elementor-widget-tablet__width-inherit elementor-invisible elementor-widget elementor-widget-elementskit-accordion\" data-id=\"5d9c1c1\" data-element_type=\"widget\" data-settings=\"{&quot;_animation&quot;:&quot;fadeInLeft&quot;}\" data-widget_type=\"elementskit-accordion.default\">\n\t\t\t\t<div class=\"elementor-widget-container\">\n\t\t\t<div class=\"ekit-wid-con\" >\n        <div class=\"elementskit-accordion accoedion-primary\" id=\"accordion-69e75fc6b38ef\">\n\n            \n                <div class=\"elementskit-card active\">\n                    <div class=\"elementskit-card-header\" id=\"primaryHeading-0-5d9c1c1\">\n                        <a href=\"#collapse-dc7f9a269e75fc6b38ef\" class=\"ekit-accordion--toggler elementskit-btn-link collapsed\" data-ekit-toggle=\"collapse\" data-target=\"#Collapse-dc7f9a269e75fc6b38ef\" aria-expanded=\"true\" aria-controls=\"Collapse-dc7f9a269e75fc6b38ef\">\n                            \n                            <span class=\"ekit-accordion-title\">H\u00e1ny nap alatt \u00e9rkezik meg a term\u00e9kem? <\/span>\n\n                            \n                                <div class=\"ekit_accordion_icon_group\">\n                                    <div class=\"ekit_accordion_normal_icon\">\n                                        <!-- Normal Icon -->\n                                        <i aria-hidden=\"true\" class=\"icon-open icon-right oi oi-chevron-bottom\"><\/i>                                    <\/div>\n\n                                    <div class=\"ekit_accordion_active_icon\">\n                                        <!-- Active Icon -->\n                                        <i aria-hidden=\"true\" class=\"icon-closed icon-right oi oi-chevron-top\"><\/i>                                    <\/div>\n\n                                <\/div>\n\n                            \n                                                    <\/a>\n                    <\/div>\n\n                    <div id=\"Collapse-dc7f9a269e75fc6b38ef\" class=\" show collapse\" aria-labelledby=\"primaryHeading-0-5d9c1c1\" data-parent=\"#accordion-69e75fc6b38ef\">\n\n                        <div class=\"elementskit-card-body ekit-accordion--content\">\n                            <p>7-10 nap a sz\u00e1ll\u00edt\u00e1si id\u0151, a megrendel\u00e9st\u0151l sz\u00e1m\u00edtva.<\/p>                        <\/div>\n\n                    <\/div>\n\n                <\/div><!-- .elementskit-card END -->\n\n                \n                <div class=\"elementskit-card \">\n                    <div class=\"elementskit-card-header\" id=\"primaryHeading-1-5d9c1c1\">\n                        <a href=\"#collapse-cc3cfe669e75fc6b38ef\" class=\"ekit-accordion--toggler elementskit-btn-link collapsed\" data-ekit-toggle=\"collapse\" data-target=\"#Collapse-cc3cfe669e75fc6b38ef\" aria-expanded=\"false\" aria-controls=\"Collapse-cc3cfe669e75fc6b38ef\">\n                            \n                            <span class=\"ekit-accordion-title\">Milyen sz\u00e1ll\u00edt\u00e1si m\u00f3dok vannak? <\/span>\n\n                            \n                                <div class=\"ekit_accordion_icon_group\">\n                                    <div class=\"ekit_accordion_normal_icon\">\n                                        <!-- Normal Icon -->\n                                        <i aria-hidden=\"true\" class=\"icon-open icon-right oi oi-chevron-bottom\"><\/i>                                    <\/div>\n\n                                    <div class=\"ekit_accordion_active_icon\">\n                                        <!-- Active Icon -->\n                                        <i aria-hidden=\"true\" class=\"icon-closed icon-right oi oi-chevron-top\"><\/i>                                    <\/div>\n\n                                <\/div>\n\n                            \n                                                    <\/a>\n                    <\/div>\n\n                    <div id=\"Collapse-cc3cfe669e75fc6b38ef\" class=\" collapse\" aria-labelledby=\"primaryHeading-1-5d9c1c1\" data-parent=\"#accordion-69e75fc6b38ef\">\n\n                        <div class=\"elementskit-card-body ekit-accordion--content\">\n                            <p>Gls fut\u00e1rszolg\u00e1lattal vagy foxpost-tal tudjuk a term\u00e9ket eljuttatni hozz\u00e1tok. <\/p>                        <\/div>\n\n                    <\/div>\n\n                <\/div><!-- .elementskit-card END -->\n\n                \n                <div class=\"elementskit-card \">\n                    <div class=\"elementskit-card-header\" id=\"primaryHeading-2-5d9c1c1\">\n                        <a href=\"#collapse-201ac6b69e75fc6b38ef\" class=\"ekit-accordion--toggler elementskit-btn-link collapsed\" data-ekit-toggle=\"collapse\" data-target=\"#Collapse-201ac6b69e75fc6b38ef\" aria-expanded=\"false\" aria-controls=\"Collapse-201ac6b69e75fc6b38ef\">\n                            \n                            <span class=\"ekit-accordion-title\">Allerg\u00e9n mentesek a term\u00e9kek? <\/span>\n\n                            \n                                <div class=\"ekit_accordion_icon_group\">\n                                    <div class=\"ekit_accordion_normal_icon\">\n                                        <!-- Normal Icon -->\n                                        <i aria-hidden=\"true\" class=\"icon-open icon-right oi oi-chevron-bottom\"><\/i>                                    <\/div>\n\n                                    <div class=\"ekit_accordion_active_icon\">\n                                        <!-- Active Icon -->\n                                        <i aria-hidden=\"true\" class=\"icon-closed icon-right oi oi-chevron-top\"><\/i>                                    <\/div>\n\n                                <\/div>\n\n                            \n                                                    <\/a>\n                    <\/div>\n\n                    <div id=\"Collapse-201ac6b69e75fc6b38ef\" class=\" collapse\" aria-labelledby=\"primaryHeading-2-5d9c1c1\" data-parent=\"#accordion-69e75fc6b38ef\">\n\n                        <div class=\"elementskit-card-body ekit-accordion--content\">\n                            <p>A term\u00e9kek teljesen b\u0151rbar\u00e1t anyagokb\u00f3l k\u00e9sz\u00fclnek. <\/p>                        <\/div>\n\n                    <\/div>\n\n                <\/div><!-- .elementskit-card END -->\n\n                        <\/div>\n    <\/div>\t\t<\/div>\n\t\t\t\t<\/div>\n\t\t\t\t<div class=\"elementor-element elementor-element-a6df3ac elementor-widget__width-initial elementor-widget-tablet__width-inherit elementor-invisible elementor-widget elementor-widget-elementskit-accordion\" data-id=\"a6df3ac\" data-element_type=\"widget\" data-settings=\"{&quot;_animation&quot;:&quot;fadeInRight&quot;}\" data-widget_type=\"elementskit-accordion.default\">\n\t\t\t\t<div class=\"elementor-widget-container\">\n\t\t\t<div class=\"ekit-wid-con\" >\n        <div class=\"elementskit-accordion accoedion-primary\" id=\"accordion-69e75fc6b4ec8\">\n\n            \n                <div class=\"elementskit-card active\">\n                    <div class=\"elementskit-card-header\" id=\"primaryHeading-0-a6df3ac\">\n                        <a href=\"#collapse-dc7f9a269e75fc6b4ec8\" class=\"ekit-accordion--toggler elementskit-btn-link collapsed\" data-ekit-toggle=\"collapse\" data-target=\"#Collapse-dc7f9a269e75fc6b4ec8\" aria-expanded=\"true\" aria-controls=\"Collapse-dc7f9a269e75fc6b4ec8\">\n                            \n                            <span class=\"ekit-accordion-title\">Lehet-e m\u00f3dos\u00edtani a term\u00e9keken? <\/span>\n\n                            \n                                <div class=\"ekit_accordion_icon_group\">\n                                    <div class=\"ekit_accordion_normal_icon\">\n                                        <!-- Normal Icon -->\n                                        <i aria-hidden=\"true\" class=\"icon-open icon-right oi oi-chevron-bottom\"><\/i>                                    <\/div>\n\n                                    <div class=\"ekit_accordion_active_icon\">\n                                        <!-- Active Icon -->\n                                        <i aria-hidden=\"true\" class=\"icon-closed icon-right oi oi-chevron-top\"><\/i>                                    <\/div>\n\n                                <\/div>\n\n                            \n                                                    <\/a>\n                    <\/div>\n\n                    <div id=\"Collapse-dc7f9a269e75fc6b4ec8\" class=\" show collapse\" aria-labelledby=\"primaryHeading-0-a6df3ac\" data-parent=\"#accordion-69e75fc6b4ec8\">\n\n                        <div class=\"elementskit-card-body ekit-accordion--content\">\n                            <p>Term\u00e9szetesen igen, a megjegyz\u00e9s rovatban k\u00e9rlek t\u00fcntesd fel sz\u00e1munkra. <\/p>                        <\/div>\n\n                    <\/div>\n\n                <\/div><!-- .elementskit-card END -->\n\n                        <\/div>\n    <\/div>\t\t<\/div>\n\t\t\t\t<\/div>\n\t\t\t\t\t<\/div>\n\t\t\t\t<\/div>\n\t\t\t\t\t<\/div>\n\t\t\t\t<\/div>\n\t\t\t\t<\/div>\n\t\t","protected":false},"excerpt":{"rendered":"<p>GYIK Gyakran Ism\u00e9telt K\u00e9rd\u00e9sek H\u00e1ny nap alatt \u00e9rkezik meg a term\u00e9kem? 7-10 nap a sz\u00e1ll\u00edt\u00e1si id\u0151, a megrendel\u00e9st\u0151l sz\u00e1m\u00edtva. Milyen sz\u00e1ll\u00edt\u00e1si m\u00f3dok vannak? Gls fut\u00e1rszolg\u00e1lattal vagy foxpost-tal tudjuk a term\u00e9ket eljuttatni hozz\u00e1tok. Allerg\u00e9n mentesek a term\u00e9kek? A term\u00e9kek teljesen b\u0151rbar\u00e1t anyagokb\u00f3l k\u00e9sz\u00fclnek. Lehet-e m\u00f3dos\u00edtani a term\u00e9keken? Term\u00e9szetesen igen, a megjegyz\u00e9s rovatban k\u00e9rlek t\u00fcntesd fel sz\u00e1munkra.<\/p>\n","protected":false},"author":1,"featured_media":0,"parent":0,"menu_order":0,"comment_status":"closed","ping_status":"closed","template":"","meta":{"footnotes":""},"class_list":["post-458","page","type-page","status-publish","hentry"],"jetpack_sharing_enabled":true,"_links":{"self":[{"href":"https:\/\/gyermekbabavilag.hu\/index.php\/wp-json\/wp\/v2\/pages\/458","targetHints":{"allow":["GET"]}}],"collection":[{"href":"https:\/\/gyermekbabavilag.hu\/index.php\/wp-json\/wp\/v2\/pages"}],"about":[{"href":"https:\/\/gyermekbabavilag.hu\/index.php\/wp-json\/wp\/v2\/types\/page"}],"author":[{"embeddable":true,"href":"https:\/\/gyermekbabavilag.hu\/index.php\/wp-json\/wp\/v2\/users\/1"}],"replies":[{"embeddable":true,"href":"https:\/\/gyermekbabavilag.hu\/index.php\/wp-json\/wp\/v2\/comments?post=458"}],"version-history":[{"count":11,"href":"https:\/\/gyermekbabavilag.hu\/index.php\/wp-json\/wp\/v2\/pages\/458\/revisions"}],"predecessor-version":[{"id":1155,"href":"https:\/\/gyermekbabavilag.hu\/index.php\/wp-json\/wp\/v2\/pages\/458\/revisions\/1155"}],"wp:attachment":[{"href":"https:\/\/gyermekbabavilag.hu\/index.php\/wp-json\/wp\/v2\/media?parent=458"}],"curies":[{"name":"wp","href":"https:\/\/api.w.org\/{rel}","templated":true}]}}