{"id":230,"date":"2024-05-23T12:27:52","date_gmt":"2024-05-23T12:27:52","guid":{"rendered":"https:\/\/gyermekbabavilag.hu\/?post_type=product&#038;p=230"},"modified":"2024-08-28T06:41:02","modified_gmt":"2024-08-28T06:41:02","slug":"snoopy-s-ovis-tornazsak","status":"publish","type":"product","link":"https:\/\/gyermekbabavilag.hu\/index.php\/product\/snoopy-s-ovis-tornazsak\/","title":{"rendered":"Snoopy-s ovis tornazs\u00e1k"},"content":{"rendered":"","protected":false},"excerpt":{"rendered":"<p><span class=\"x193iq5w xeuugli x13faqbe x1vvkbs x1xmvt09 x1lliihq x1s928wv xhkezso x1gmr53x x1cpjm7i x1fgarty x1943h6x xudqn12 x3x7a5m x6prxxf xvq8zen xo1l8bm xzsf02u\" dir=\"auto\">M\u00e9ret: 30cm x 37cm (+-2cm)<br class=\"html-br\" \/><br class=\"html-br\" \/>Anyaga: 100% pamut<br \/>\n<\/span><br \/>\nKieg\u00e9sz\u00edt\u0151 inform\u00e1ci\u00f3:<\/p>\n<div class=\"x11i5rnm xat24cr x1mh8g0r x1vvkbs xtlvy1s x126k92a\">\n<div dir=\"auto\">A term\u00e9k 30 fokon kl\u00f3rmentes mos\u00f3szerrel moshat\u00f3. Sz\u00e1r\u00edt\u00f3g\u00e9p haszn\u00e1lata nem javasolt.<\/div>\n<\/div>\n<div class=\"x11i5rnm xat24cr x1mh8g0r x1vvkbs xtlvy1s x126k92a\">\n<div dir=\"auto\"><\/div>\n<\/div>\n<p><span class=\"x193iq5w xeuugli x13faqbe x1vvkbs x1xmvt09 x1lliihq x1s928wv xhkezso x1gmr53x x1cpjm7i x1fgarty x1943h6x xudqn12 x3x7a5m x6prxxf xvq8zen xo1l8bm xzsf02u\" dir=\"auto\">A k\u00e9p t\u00e1j\u00e9koztat\u00f3 jelleg\u0171, a term\u00e9k sz\u00edne elt\u00e9rhet a k\u00e9pen l\u00e1that\u00f3t\u00f3l.<\/span><\/p>\n<p><span class=\"x193iq5w xeuugli x13faqbe x1vvkbs x1xmvt09 x1lliihq x1s928wv xhkezso x1gmr53x x1cpjm7i x1fgarty x1943h6x xudqn12 x3x7a5m x6prxxf xvq8zen xo1l8bm xzsf02u\" dir=\"auto\">\u00a0<\/span><\/p>\n","protected":false},"featured_media":113,"comment_status":"open","ping_status":"closed","template":"","meta":[],"product_brand":[],"product_cat":[53,37],"product_tag":[20],"class_list":{"0":"post-230","1":"product","2":"type-product","3":"status-publish","4":"has-post-thumbnail","6":"product_cat-akcios-termekek","7":"product_cat-ovis-tornazsak","8":"product_tag-ovis-tornazsak","10":"first","11":"instock","12":"sale","13":"taxable","14":"shipping-taxable","15":"purchasable","16":"product-type-simple"},"jetpack_sharing_enabled":true,"_links":{"self":[{"href":"https:\/\/gyermekbabavilag.hu\/index.php\/wp-json\/wp\/v2\/product\/230","targetHints":{"allow":["GET"]}}],"collection":[{"href":"https:\/\/gyermekbabavilag.hu\/index.php\/wp-json\/wp\/v2\/product"}],"about":[{"href":"https:\/\/gyermekbabavilag.hu\/index.php\/wp-json\/wp\/v2\/types\/product"}],"replies":[{"embeddable":true,"href":"https:\/\/gyermekbabavilag.hu\/index.php\/wp-json\/wp\/v2\/comments?post=230"}],"wp:featuredmedia":[{"embeddable":true,"href":"https:\/\/gyermekbabavilag.hu\/index.php\/wp-json\/wp\/v2\/media\/113"}],"wp:attachment":[{"href":"https:\/\/gyermekbabavilag.hu\/index.php\/wp-json\/wp\/v2\/media?parent=230"}],"wp:term":[{"taxonomy":"product_brand","embeddable":true,"href":"https:\/\/gyermekbabavilag.hu\/index.php\/wp-json\/wp\/v2\/product_brand?post=230"},{"taxonomy":"product_cat","embeddable":true,"href":"https:\/\/gyermekbabavilag.hu\/index.php\/wp-json\/wp\/v2\/product_cat?post=230"},{"taxonomy":"product_tag","embeddable":true,"href":"https:\/\/gyermekbabavilag.hu\/index.php\/wp-json\/wp\/v2\/product_tag?post=230"}],"curies":[{"name":"wp","href":"https:\/\/api.w.org\/{rel}","templated":true}]}}