{"id":473,"date":"2024-06-04T23:24:45","date_gmt":"2024-06-04T23:24:45","guid":{"rendered":"https:\/\/gyermekbabavilag.hu\/?post_type=product&#038;p=473"},"modified":"2024-06-25T09:03:19","modified_gmt":"2024-06-25T09:03:19","slug":"snoopy-s-ovis-agynemuhuzat-2","status":"publish","type":"product","link":"https:\/\/gyermekbabavilag.hu\/index.php\/product\/snoopy-s-ovis-agynemuhuzat-2\/","title":{"rendered":"Snoopy-s ovis \u00e1gynem\u0171huzat"},"content":{"rendered":"","protected":false},"excerpt":{"rendered":"<p><span class=\"x193iq5w xeuugli x13faqbe x1vvkbs x1xmvt09 x1lliihq x1s928wv xhkezso x1gmr53x x1cpjm7i x1fgarty x1943h6x xudqn12 x3x7a5m x6prxxf xvq8zen xo1l8bm xzsf02u\" dir=\"auto\">M\u00e9retei: <br class=\"html-br\" \/>P\u00e1rna: 40cm x 50cm (+- 2 cm)<br class=\"html-br\" \/>Takar\u00f3: 90cm x 140cm (+-2 cm) <br class=\"html-br\" \/><br class=\"html-br\" \/>Anyaga: 100% pamut <br class=\"html-br\" \/><br class=\"html-br\" \/>Kieg\u00e9sz\u00edt\u0151 inform\u00e1ci\u00f3: <br class=\"html-br\" \/>A term\u00e9k 30 fokon kl\u00f3rmentes mos\u00f3szerrel moshat\u00f3. Sz\u00e1r\u00edt\u00f3g\u00e9p haszn\u00e1lata nem javasolt. <br class=\"html-br\" \/><br class=\"html-br\" \/>A k\u00e9p t\u00e1j\u00e9koztat\u00f3 jelleg\u0171, a term\u00e9k sz\u00edne elt\u00e9rhet a k\u00e9pen l\u00e1that\u00f3t\u00f3l. <\/span><\/p>\n","protected":false},"featured_media":474,"comment_status":"open","ping_status":"closed","template":"","meta":[],"product_cat":[40],"product_tag":[],"class_list":{"0":"post-473","1":"product","2":"type-product","3":"status-publish","4":"has-post-thumbnail","6":"product_cat-ovis-agynemuhuzat","8":"first","9":"instock","10":"taxable","11":"shipping-taxable","12":"purchasable","13":"product-type-simple"},"jetpack_sharing_enabled":true,"_links":{"self":[{"href":"https:\/\/gyermekbabavilag.hu\/index.php\/wp-json\/wp\/v2\/product\/473","targetHints":{"allow":["GET"]}}],"collection":[{"href":"https:\/\/gyermekbabavilag.hu\/index.php\/wp-json\/wp\/v2\/product"}],"about":[{"href":"https:\/\/gyermekbabavilag.hu\/index.php\/wp-json\/wp\/v2\/types\/product"}],"replies":[{"embeddable":true,"href":"https:\/\/gyermekbabavilag.hu\/index.php\/wp-json\/wp\/v2\/comments?post=473"}],"wp:featuredmedia":[{"embeddable":true,"href":"https:\/\/gyermekbabavilag.hu\/index.php\/wp-json\/wp\/v2\/media\/474"}],"wp:attachment":[{"href":"https:\/\/gyermekbabavilag.hu\/index.php\/wp-json\/wp\/v2\/media?parent=473"}],"wp:term":[{"taxonomy":"product_cat","embeddable":true,"href":"https:\/\/gyermekbabavilag.hu\/index.php\/wp-json\/wp\/v2\/product_cat?post=473"},{"taxonomy":"product_tag","embeddable":true,"href":"https:\/\/gyermekbabavilag.hu\/index.php\/wp-json\/wp\/v2\/product_tag?post=473"}],"curies":[{"name":"wp","href":"https:\/\/api.w.org\/{rel}","templated":true}]}}