{"id":651,"date":"2024-06-17T08:21:29","date_gmt":"2024-06-17T08:21:29","guid":{"rendered":"https:\/\/gyermekbabavilag.hu\/?post_type=product&#038;p=651"},"modified":"2024-11-26T15:37:18","modified_gmt":"2024-11-26T15:37:18","slug":"kosaras-macis-kek-agynemu","status":"publish","type":"product","link":"https:\/\/gyermekbabavilag.hu\/index.php\/product\/kosaras-macis-kek-agynemu\/","title":{"rendered":"Kosaras Macis k\u00e9k \u00e1gynem\u0171"},"content":{"rendered":"","protected":false},"excerpt":{"rendered":"<p><span class=\"x193iq5w xeuugli x13faqbe x1vvkbs x1xmvt09 x1lliihq x1s928wv xhkezso x1gmr53x x1cpjm7i x1fgarty x1943h6x xudqn12 x3x7a5m x6prxxf xvq8zen xo1l8bm xzsf02u\" dir=\"auto\">Gy\u00f6ny\u00f6r\u0171 , egyedi , figur\u00e1s term\u00e9k . Az \u00e1gynem\u0171 rendelhet\u0151 laposp\u00e1rn\u00e1val is .<br class=\"html-br\" \/>Puha , moshat\u00f3, nem csom\u00f3sod\u00f3 gyermek \u00e1gynem\u0171 . <br class=\"html-br\" \/>Gyermek ovis takar\u00f3 + p\u00e1rna . <br class=\"html-br\" \/><br class=\"html-br\" \/>P\u00e1rna m\u00e9rete : 40&#215;50 (+-2cm)<br class=\"html-br\" \/>Takar\u00f3 m\u00e9rete: 95&#215;140 (+-2cm)<br class=\"html-br\" \/><br class=\"html-br\" \/>\u00d6sszet\u00e8tel :<br class=\"html-br\" \/>Anyaga : 100% pamut<br class=\"html-br\" \/>T\u00f6ltet : 100% poli\u00e8szter<br class=\"html-br\" \/><br class=\"html-br\" \/>Kieg\u00e9sz\u00cdt\u0151 inform\u00e1ci\u00f3 :<br class=\"html-br\" \/>A term\u00e9k 30 fokon kl\u00f3rmentes mos\u00f3szerrel moshat\u00f3 . Sz\u00e1r\u00edt\u00f3g\u00e9p haszn\u00e1lata nem javasolt .<br class=\"html-br\" \/><br class=\"html-br\" \/>A k\u00e9p t\u00e1j\u00e9koztat\u00f3 jelleg\u0171, a term\u00e9k sz\u00edne elt\u00e9rhet a k\u00e9pen l\u00e1that\u00f3t\u00f3l. <\/span><\/p>\n","protected":false},"featured_media":652,"comment_status":"open","ping_status":"closed","template":"","meta":[],"product_brand":[],"product_cat":[39],"product_tag":[],"class_list":{"0":"post-651","1":"product","2":"type-product","3":"status-publish","4":"has-post-thumbnail","6":"product_cat-ovis-agynemu","8":"first","9":"instock","10":"taxable","11":"shipping-taxable","12":"purchasable","13":"product-type-simple"},"jetpack_sharing_enabled":true,"_links":{"self":[{"href":"https:\/\/gyermekbabavilag.hu\/index.php\/wp-json\/wp\/v2\/product\/651","targetHints":{"allow":["GET"]}}],"collection":[{"href":"https:\/\/gyermekbabavilag.hu\/index.php\/wp-json\/wp\/v2\/product"}],"about":[{"href":"https:\/\/gyermekbabavilag.hu\/index.php\/wp-json\/wp\/v2\/types\/product"}],"replies":[{"embeddable":true,"href":"https:\/\/gyermekbabavilag.hu\/index.php\/wp-json\/wp\/v2\/comments?post=651"}],"wp:featuredmedia":[{"embeddable":true,"href":"https:\/\/gyermekbabavilag.hu\/index.php\/wp-json\/wp\/v2\/media\/652"}],"wp:attachment":[{"href":"https:\/\/gyermekbabavilag.hu\/index.php\/wp-json\/wp\/v2\/media?parent=651"}],"wp:term":[{"taxonomy":"product_brand","embeddable":true,"href":"https:\/\/gyermekbabavilag.hu\/index.php\/wp-json\/wp\/v2\/product_brand?post=651"},{"taxonomy":"product_cat","embeddable":true,"href":"https:\/\/gyermekbabavilag.hu\/index.php\/wp-json\/wp\/v2\/product_cat?post=651"},{"taxonomy":"product_tag","embeddable":true,"href":"https:\/\/gyermekbabavilag.hu\/index.php\/wp-json\/wp\/v2\/product_tag?post=651"}],"curies":[{"name":"wp","href":"https:\/\/api.w.org\/{rel}","templated":true}]}}