{"id":686,"date":"2024-06-21T14:06:29","date_gmt":"2024-06-21T14:06:29","guid":{"rendered":"https:\/\/gyermekbabavilag.hu\/?post_type=product&#038;p=686"},"modified":"2024-08-27T16:58:11","modified_gmt":"2024-08-27T16:58:11","slug":"dinos-3-reszes-ovis-szett","status":"publish","type":"product","link":"https:\/\/gyermekbabavilag.hu\/index.php\/product\/dinos-3-reszes-ovis-szett\/","title":{"rendered":"D\u00ednos 3 r\u00e9szes ovis szett"},"content":{"rendered":"","protected":false},"excerpt":{"rendered":"<p><span class=\"x193iq5w xeuugli x13faqbe x1vvkbs x1xmvt09 x1lliihq x1s928wv xhkezso x1gmr53x x1cpjm7i x1fgarty x1943h6x xudqn12 x3x7a5m x6prxxf xvq8zen xo1l8bm xzsf02u\" dir=\"auto\">Szett Tartalma : <br class=\"html-br\" \/>&#8211; Ovis \u00e1gynem\u0171 huzat<br class=\"html-br\" \/>&#8211; Ovis zs\u00e1k<br class=\"html-br\" \/>&#8211; Tornazs\u00e1k<br class=\"html-br\" \/><br class=\"html-br\" \/>Anyaga : 100% pamut<br class=\"html-br\" \/><br class=\"html-br\" \/>M\u00e9retek : <br class=\"html-br\" \/>Takar\u00f3 : 90cm\u00d7140cm (+ &#8211; 2cm )<br class=\"html-br\" \/>P\u00e1rna. : 40cm\u00d750cm (+ &#8211; 2cm )<br class=\"html-br\" \/>Ovis zs\u00e1k : 50cm\u00d760cm (+ -2cm )<br class=\"html-br\" \/>Tornazs\u00e1k : 30cm\u00d737cm (+ -2cm)<br class=\"html-br\" \/><br class=\"html-br\" \/>Kieg\u00e9sz\u00edt\u0151 inform\u00e1ci\u00f3 : <br class=\"html-br\" \/>A term\u00e9kek 30 fokon kl\u00f3rmentes mos\u00f3szerrel moshat\u00f3k , sz\u00e1r\u00edt\u00f3g\u00e9p haszn\u00e1lata nem aj\u00e1nlott .<br class=\"html-br\" \/><br class=\"html-br\" \/>A k\u00e8p t\u00e1j\u00e9koztat\u00f3 jelleg\u0171 a term\u00e9k sz\u00edne elt\u00e9rhet a k\u00e9pen l\u00e1that\u00f3t\u00f3l .<\/span><\/p>\n","protected":false},"featured_media":687,"comment_status":"open","ping_status":"closed","template":"","meta":[],"product_brand":[],"product_cat":[15],"product_tag":[],"class_list":{"0":"post-686","1":"product","2":"type-product","3":"status-publish","4":"has-post-thumbnail","6":"product_cat-babas","8":"first","9":"instock","10":"sale","11":"taxable","12":"shipping-taxable","13":"purchasable","14":"product-type-simple"},"jetpack_sharing_enabled":true,"_links":{"self":[{"href":"https:\/\/gyermekbabavilag.hu\/index.php\/wp-json\/wp\/v2\/product\/686","targetHints":{"allow":["GET"]}}],"collection":[{"href":"https:\/\/gyermekbabavilag.hu\/index.php\/wp-json\/wp\/v2\/product"}],"about":[{"href":"https:\/\/gyermekbabavilag.hu\/index.php\/wp-json\/wp\/v2\/types\/product"}],"replies":[{"embeddable":true,"href":"https:\/\/gyermekbabavilag.hu\/index.php\/wp-json\/wp\/v2\/comments?post=686"}],"wp:featuredmedia":[{"embeddable":true,"href":"https:\/\/gyermekbabavilag.hu\/index.php\/wp-json\/wp\/v2\/media\/687"}],"wp:attachment":[{"href":"https:\/\/gyermekbabavilag.hu\/index.php\/wp-json\/wp\/v2\/media?parent=686"}],"wp:term":[{"taxonomy":"product_brand","embeddable":true,"href":"https:\/\/gyermekbabavilag.hu\/index.php\/wp-json\/wp\/v2\/product_brand?post=686"},{"taxonomy":"product_cat","embeddable":true,"href":"https:\/\/gyermekbabavilag.hu\/index.php\/wp-json\/wp\/v2\/product_cat?post=686"},{"taxonomy":"product_tag","embeddable":true,"href":"https:\/\/gyermekbabavilag.hu\/index.php\/wp-json\/wp\/v2\/product_tag?post=686"}],"curies":[{"name":"wp","href":"https:\/\/api.w.org\/{rel}","templated":true}]}}